{"id":2337,"date":"2022-02-21T11:17:05","date_gmt":"2022-02-21T11:17:05","guid":{"rendered":"https:\/\/tenutacasacima.com\/impressum\/"},"modified":"2022-02-21T11:19:03","modified_gmt":"2022-02-21T11:19:03","slug":"impressum","status":"publish","type":"page","link":"https:\/\/tenutacasacima.com\/de\/impressum\/","title":{"rendered":"Impressum"},"content":{"rendered":"<!--themify_builder_content-->\n<div id=\"themify_builder_content-2337\" data-postid=\"2337\" class=\"themify_builder_content themify_builder_content-2337 themify_builder tf_clear\">\n                    <div  data-css_id=\"l4rn230\" data-lazy=\"1\" class=\"module_row themify_builder_row fullheight fullwidth_row_container tb_l4rn230 tb_first tf_w\">\n            <span  class=\"builder_row_cover tf_abs\" data-lazy=\"1\"><\/span>            <div class=\"row_inner col_align_top tb_col_count_1 tf_box tf_rel\">\n                        <div  data-lazy=\"1\" class=\"module_column tb-column col-full tb_0kz8602 first\">\n                    <!-- module text -->\n<div  class=\"module module-text tb_z28g332  repeat \" data-lazy=\"1\">\n        <div  class=\"tb_text_wrap\">\n        <h1>Impressum<\/h1>    <\/div>\n<\/div>\n<!-- \/module text -->        <\/div>\n                        <\/div>\n        <\/div>\n                        <div  data-lazy=\"1\" class=\"module_row themify_builder_row tb_4xy1200 tf_w\">\n            <span class=\"tb_row_frame_wrap tf_overflow tf_abs\" data-lazy=\"1\"><span class=\"tb_row_frame tb_row_frame_top  tf_abs tf_hide tf_overflow tf_w\"><\/span><span class=\"tb_row_frame tb_row_frame_bottom  tf_abs tf_hide tf_overflow tf_w\"><\/span><\/span>            <div class=\"row_inner col_align_top tb_col_count_1 tf_box tf_rel\">\n                        <div  data-lazy=\"1\" class=\"module_column tb-column col-full tb_2rin062 first\">\n                    <!-- module text -->\n<div  class=\"module module-text tb_bw6k420   \" data-lazy=\"1\">\n        <div  class=\"tb_text_wrap\">\n        <h2>Information<\/h2>\n<p>F\u00fcr den Inhalt der Webseite der Tenuta Casa Cima ist die Fondazione Kaspar e Sophie Sp\u00f6rri in Gudo zust\u00e4ndig. <br>Webdesign by <a href=\"https:\/\/goldbridge-entertainment.com\/\">Goldridge Entertainment.com<\/a><\/p>\n<h2>Kontakt<\/h2>\n<p><strong>Fondazione Kaspar e Sophie Sp\u00f6rri<\/strong><br><strong>Tenuta Casa Cima<\/strong><br>In Cimalloco 19<br>6515 Gudo<br>Schweiz<\/p>\n<p>E-Mail: fondazione@tenutacasacima.com<br>Telefone: +41 78 405 08 82<br>Web: https:\/\/tenutacasacima.com\/<\/p>\n<h2>Vertretungsberechtigte Person(en)<\/h2>\n<p>Hans-Peter Portmann, Pr\u00e4sident<br>Andr\u00e9 Gloor, Delegierter<\/p>\n<h2>Handelsregister-Eintrag<\/h2>\n<p><strong>Eingetragener Firmenname:<\/strong><br>Fondazione Kaspar e Sophie Sp\u00f6rri<br>Link: <a href=\"https:\/\/ti.chregister.ch\/cr-portal\/auszug\/auszug.xhtml?uid=CHE-103.952.995\">Lesen<\/a><br><br><strong>Unternehmens-Nr (UID):<\/strong><br>CHE-103.952.995<\/p>\n<p><strong>Mehrwertsteuer-Nummer:<\/strong><br>nicht mehrwertsteuerpflichtig<\/p>\n<h2>Haftungsausschluss<\/h2>\n<p>Der Autor \u00fcbernimmt keinerlei Gew\u00e4hr hinsichtlich der inhaltlichen Richtigkeit, Genauigkeit, Aktualit\u00e4t, Zuverl\u00e4ssigkeit und Vollst\u00e4ndigkeit der Informationen.<\/p>\n<p>Haftungsanspr\u00fcche gegen den Autor wegen Sch\u00e4den materieller oder immaterieller Art, welche aus dem Zugriff oder der Nutzung bzw. Nichtnutzung der ver\u00f6ffentlichten Informationen, durch Missbrauch der Verbindung oder durch technische St\u00f6rungen entstanden sind, werden ausgeschlossen.<\/p>\n<p>Alle Angebote sind unverbindlich. Der Autor beh\u00e4lt es sich ausdr\u00fccklich vor, Teile der Seiten oder das gesamte Angebot ohne besondere Ank\u00fcndigung zu ver\u00e4ndern, zu erg\u00e4nzen, zu l\u00f6schen oder die Ver\u00f6ffentlichung zeitweise oder endg\u00fcltig einzustellen.<\/p>\n<p><strong>Haftungsausschluss f\u00fcr Links<\/strong><\/p>\n<p>Verweise und Links auf Webseiten Dritter liegen ausserhalb unseres Verantwortungsbereichs. Es wird jegliche Verantwortung f\u00fcr solche Webseiten abgelehnt. Der Zugriff und die Nutzung solcher Webseiten erfolgen auf eigene Gefahr des jeweiligen Nutzers.<\/p>\n<p><strong>Urheberrechte<\/strong><\/p>\n<p>Die Urheber- und alle anderen Rechte an Inhalten, Bildern, Fotos oder anderen Dateien auf dieser Website, geh\u00f6ren ausschliesslich\u00a0<strong>der juristischen Person Fondazione Kaspar e Sophie Sp\u00f6rri<\/strong>\u00a0oder den speziell genannten Rechteinhabern. F\u00fcr die Reproduktion jeglicher Elemente ist die schriftliche Zustimmung des Urheberrechtstr\u00e4gers im Voraus einzuholen.<\/p>\n<p><br>Quelle:\u00a0<a href=\"https:\/\/www.swissanwalt.ch\/\">SwissAnwalt<\/a><\/p>\n<p>\u00a0<\/p>    <\/div>\n<\/div>\n<!-- \/module text -->        <\/div>\n                        <\/div>\n        <\/div>\n        <\/div>\n<!--\/themify_builder_content-->","protected":false},"excerpt":{"rendered":"<p>Impressum Information F\u00fcr den Inhalt der Webseite der Tenuta Casa Cima ist die Fondazione Kaspar e Sophie Sp\u00f6rri in Gudo zust\u00e4ndig. Webdesign by Goldridge Entertainment.com Kontakt Fondazione Kaspar e Sophie Sp\u00f6rriTenuta Casa CimaIn Cimalloco 196515 GudoSchweiz E-Mail: fondazione@tenutacasacima.comTelefone: +41 78 405 08 82Web: https:\/\/tenutacasacima.com\/ Vertretungsberechtigte Person(en) Hans-Peter Portmann, Pr\u00e4sidentAndr\u00e9 Gloor, Delegierter Handelsregister-Eintrag Eingetragener Firmenname:Fondazione Kaspar [&hellip;]<\/p>\n","protected":false},"author":1,"featured_media":0,"parent":0,"menu_order":0,"comment_status":"closed","ping_status":"closed","template":"","meta":{"content-type":"","_monsterinsights_skip_tracking":false,"_monsterinsights_sitenote_active":false,"_monsterinsights_sitenote_note":"","_monsterinsights_sitenote_category":0,"footnotes":""},"class_list":["post-2337","page","type-page","status-publish","hentry","has-post-title","has-post-date","has-post-category","has-post-tag","has-post-comment","has-post-author",""],"aioseo_notices":[],"builder_content":"<h1>Impressum<\/h1>\n<h2>Information<\/h2> <p>F\u00fcr den Inhalt der Webseite der Tenuta Casa Cima ist die Fondazione Kaspar e Sophie Sp\u00f6rri in Gudo zust\u00e4ndig. <br>Webdesign by <a href=\"https:\/\/goldbridge-entertainment.com\/\">Goldridge Entertainment.com<\/a><\/p> <h2>Kontakt<\/h2> <p><strong>Fondazione Kaspar e Sophie Sp\u00f6rri<\/strong><br><strong>Tenuta Casa Cima<\/strong><br>In Cimalloco 19<br>6515 Gudo<br>Schweiz<\/p> <p>E-Mail: fondazione@tenutacasacima.com<br>Telefone: +41 78 405 08 82<br>Web: https:\/\/tenutacasacima.com\/<\/p> <h2>Vertretungsberechtigte Person(en)<\/h2> <p>Hans-Peter Portmann, Pr\u00e4sident<br>Andr\u00e9 Gloor, Delegierter<\/p> <h2>Handelsregister-Eintrag<\/h2> <p><strong>Eingetragener Firmenname:<\/strong><br>Fondazione Kaspar e Sophie Sp\u00f6rri<br>Link: <a href=\"https:\/\/ti.chregister.ch\/cr-portal\/auszug\/auszug.xhtml?uid=CHE-103.952.995\">Lesen<\/a><br><br><strong>Unternehmens-Nr (UID):<\/strong><br>CHE-103.952.995<\/p> <p><strong>Mehrwertsteuer-Nummer:<\/strong><br>nicht mehrwertsteuerpflichtig<\/p> <h2>Haftungsausschluss<\/h2> <p>Der Autor \u00fcbernimmt keinerlei Gew\u00e4hr hinsichtlich der inhaltlichen Richtigkeit, Genauigkeit, Aktualit\u00e4t, Zuverl\u00e4ssigkeit und Vollst\u00e4ndigkeit der Informationen.<\/p> <p>Haftungsanspr\u00fcche gegen den Autor wegen Sch\u00e4den materieller oder immaterieller Art, welche aus dem Zugriff oder der Nutzung bzw. Nichtnutzung der ver\u00f6ffentlichten Informationen, durch Missbrauch der Verbindung oder durch technische St\u00f6rungen entstanden sind, werden ausgeschlossen.<\/p> <p>Alle Angebote sind unverbindlich. Der Autor beh\u00e4lt es sich ausdr\u00fccklich vor, Teile der Seiten oder das gesamte Angebot ohne besondere Ank\u00fcndigung zu ver\u00e4ndern, zu erg\u00e4nzen, zu l\u00f6schen oder die Ver\u00f6ffentlichung zeitweise oder endg\u00fcltig einzustellen.<\/p> <p><strong>Haftungsausschluss f\u00fcr Links<\/strong><\/p> <p>Verweise und Links auf Webseiten Dritter liegen ausserhalb unseres Verantwortungsbereichs. Es wird jegliche Verantwortung f\u00fcr solche Webseiten abgelehnt. Der Zugriff und die Nutzung solcher Webseiten erfolgen auf eigene Gefahr des jeweiligen Nutzers.<\/p> <p><strong>Urheberrechte<\/strong><\/p> <p>Die Urheber- und alle anderen Rechte an Inhalten, Bildern, Fotos oder anderen Dateien auf dieser Website, geh\u00f6ren ausschliesslich\u00a0<strong>der juristischen Person Fondazione Kaspar e Sophie Sp\u00f6rri<\/strong>\u00a0oder den speziell genannten Rechteinhabern. F\u00fcr die Reproduktion jeglicher Elemente ist die schriftliche Zustimmung des Urheberrechtstr\u00e4gers im Voraus einzuholen.<\/p> <p><br>Quelle:\u00a0<a href=\"https:\/\/www.swissanwalt.ch\/\">SwissAnwalt<\/a><\/p> <p>\u00a0<\/p>","_links":{"self":[{"href":"https:\/\/tenutacasacima.com\/de\/wp-json\/wp\/v2\/pages\/2337","targetHints":{"allow":["GET"]}}],"collection":[{"href":"https:\/\/tenutacasacima.com\/de\/wp-json\/wp\/v2\/pages"}],"about":[{"href":"https:\/\/tenutacasacima.com\/de\/wp-json\/wp\/v2\/types\/page"}],"author":[{"embeddable":true,"href":"https:\/\/tenutacasacima.com\/de\/wp-json\/wp\/v2\/users\/1"}],"replies":[{"embeddable":true,"href":"https:\/\/tenutacasacima.com\/de\/wp-json\/wp\/v2\/comments?post=2337"}],"version-history":[{"count":2,"href":"https:\/\/tenutacasacima.com\/de\/wp-json\/wp\/v2\/pages\/2337\/revisions"}],"predecessor-version":[{"id":2339,"href":"https:\/\/tenutacasacima.com\/de\/wp-json\/wp\/v2\/pages\/2337\/revisions\/2339"}],"wp:attachment":[{"href":"https:\/\/tenutacasacima.com\/de\/wp-json\/wp\/v2\/media?parent=2337"}],"curies":[{"name":"wp","href":"https:\/\/api.w.org\/{rel}","templated":true}]}}