{"id":4301,"date":"2024-08-09T12:25:24","date_gmt":"2024-08-09T12:25:24","guid":{"rendered":"https:\/\/tenutacasacima.com\/check-in-information-deluxe-bellavista-copy\/"},"modified":"2025-03-06T13:00:44","modified_gmt":"2025-03-06T13:00:44","slug":"abfallmanagement","status":"publish","type":"page","link":"https:\/\/tenutacasacima.com\/de\/abfallmanagement\/","title":{"rendered":"Abfall Management"},"content":{"rendered":"<!--themify_builder_content-->\n<div id=\"themify_builder_content-4301\" data-postid=\"4301\" class=\"themify_builder_content themify_builder_content-4301 themify_builder tf_clear\">\n                    <div  data-css_id=\"kyyn201\" data-lazy=\"1\" class=\"module_row themify_builder_row fullheight fullwidth_row_container tb_kyyn201 tb_first tf_w\">\n            <span  class=\"builder_row_cover tf_abs\" data-lazy=\"1\"><\/span>            <div class=\"row_inner col_align_top tb_col_count_1 tf_box tf_rel\">\n                        <div  data-lazy=\"1\" class=\"module_column tb-column col-full tb_f2wu256 first\">\n                    <!-- module text -->\n<div  class=\"module module-text tb_lkcs666   \" data-lazy=\"1\">\n        <div  class=\"tb_text_wrap\">\n        <h2 style=\"text-align: center;\">Abfall Entsorgung<br>Via alla Chiesa<br>Gudo<\/h2>    <\/div>\n<\/div>\n<!-- \/module text -->        <\/div>\n                        <\/div>\n        <\/div>\n                        <div  data-lazy=\"1\" class=\"module_row themify_builder_row tb_gw6d003 tf_w\">\n                        <div class=\"row_inner col_align_top tb_col_count_1 tf_box tf_rel\">\n                        <div  data-lazy=\"1\" class=\"module_column tb-column col-full tb_n4r1620 first\">\n                    <!-- module text -->\n<div  class=\"module module-text tb_95es605   \" data-lazy=\"1\">\n        <div  class=\"tb_text_wrap\">\n        <h2>Abfall Management<\/h2>\n<p data-start=\"105\" data-end=\"259\">Wir stellen Ihnen zwei schwarze <strong>35-Liter-Abfalls\u00e4cke<\/strong> zur Verf\u00fcgung. Bitte deponieren Sie den vollen Abfallsack im Schuppen<strong> (siehe Foto mit Pfeil)<\/strong> unten.<\/p>\n<p data-start=\"261\" data-end=\"568\"><strong>F\u00fcr das Recycling<\/strong> stehen Ihnen im Haus separate Kikerland-Taschen f\u00fcr P<strong>apier und Karton,<\/strong> <strong>Glas und Aluminium<\/strong>, <strong>Plastik sowie PET-Flaschen<\/strong> zur Verf\u00fcgung. Sobald diese voll sind, bitten wir Sie, sie im gro\u00dfen Entsorgungszentrum <strong data-start=\"475\" data-end=\"501\">&#8220;Via alla Chiesa Gudo&#8221;<\/strong> zu entsorgen. Weitere Informationen und Bilder finden Sie unten.<\/p>\n<p data-start=\"570\" data-end=\"602\">Vielen Dank f\u00fcr Ihre Mithilfe!<\/p>\n<p data-start=\"105\" data-end=\"259\"><a href=\"https:\/\/tenutacasacima.com\/wp-content\/uploads\/2025\/03\/waste_garbage-7.jpg\"><img loading=\"lazy\" decoding=\"async\" class=\"alignleft size-full wp-image-4591\" src=\"https:\/\/tenutacasacima.com\/wp-content\/uploads\/2025\/03\/waste_garbage-7.jpg\" alt=\"\" width=\"2000\" height=\"924\" srcset=\"https:\/\/tenutacasacima.com\/wp-content\/uploads\/2025\/03\/waste_garbage-7.jpg 2000w, https:\/\/tenutacasacima.com\/wp-content\/uploads\/2025\/03\/waste_garbage-7-300x139.jpg 300w, https:\/\/tenutacasacima.com\/wp-content\/uploads\/2025\/03\/waste_garbage-7-1024x473.jpg 1024w, https:\/\/tenutacasacima.com\/wp-content\/uploads\/2025\/03\/waste_garbage-7-768x355.jpg 768w, https:\/\/tenutacasacima.com\/wp-content\/uploads\/2025\/03\/waste_garbage-7-1536x710.jpg 1536w\" sizes=\"auto, (max-width: 2000px) 100vw, 2000px\" \/><\/a><\/p>\n<h3>\u00a0<\/h3>\n<h3><strong>Via Alla Chiesa Gudo<\/strong><\/h3>\n<p><strong>Siehe GPS Daten unten:<\/strong><\/p>\n<p><strong>Glas, Aluminium, Blech\/Metall, Papier, Karton, PET -Flaschen aber auch der normale Hausm\u00fcll<\/strong> k\u00f6nnen Sie bei der grossen Entsorgungsstelle an der Via alla Chiesa in Gudo entsorgen, siehe Bilder unten. <a href=\"https:\/\/maps.app.goo.gl\/ranBr7RhXDCepaAJA\" target=\"_blank\" rel=\"noopener\">GPS von der Tenuta Casa Cima nur 3 Minuten<\/a> mit dem Auto. Vielen Dank.<\/p>\n<div id='gallery-1' class='gallery galleryid-4301 gallery-columns-3 gallery-size-medium'><figure class='gallery-item'>\n\t\t\t<div class='gallery-icon landscape'>\n\t\t\t\t<a href='https:\/\/tenutacasacima.com\/wp-content\/uploads\/2024\/08\/waste_garbage-5.jpg'><img loading=\"lazy\" decoding=\"async\" width=\"300\" height=\"139\" src=\"https:\/\/tenutacasacima.com\/wp-content\/uploads\/2024\/08\/waste_garbage-5-300x139.jpg\" class=\"attachment-medium size-medium\" alt=\"\" srcset=\"https:\/\/tenutacasacima.com\/wp-content\/uploads\/2024\/08\/waste_garbage-5-300x139.jpg 300w, https:\/\/tenutacasacima.com\/wp-content\/uploads\/2024\/08\/waste_garbage-5-1024x473.jpg 1024w, https:\/\/tenutacasacima.com\/wp-content\/uploads\/2024\/08\/waste_garbage-5-768x355.jpg 768w, https:\/\/tenutacasacima.com\/wp-content\/uploads\/2024\/08\/waste_garbage-5-1536x710.jpg 1536w, https:\/\/tenutacasacima.com\/wp-content\/uploads\/2024\/08\/waste_garbage-5.jpg 1920w\" sizes=\"auto, (max-width: 300px) 100vw, 300px\" \/><\/a>\n\t\t\t<\/div><\/figure><figure class='gallery-item'>\n\t\t\t<div class='gallery-icon landscape'>\n\t\t\t\t<a href='https:\/\/tenutacasacima.com\/wp-content\/uploads\/2024\/08\/waste_garbage-6.jpg'><img loading=\"lazy\" decoding=\"async\" width=\"300\" height=\"139\" src=\"https:\/\/tenutacasacima.com\/wp-content\/uploads\/2024\/08\/waste_garbage-6-300x139.jpg\" class=\"attachment-medium size-medium\" alt=\"\" srcset=\"https:\/\/tenutacasacima.com\/wp-content\/uploads\/2024\/08\/waste_garbage-6-300x139.jpg 300w, https:\/\/tenutacasacima.com\/wp-content\/uploads\/2024\/08\/waste_garbage-6-1024x473.jpg 1024w, https:\/\/tenutacasacima.com\/wp-content\/uploads\/2024\/08\/waste_garbage-6-768x355.jpg 768w, https:\/\/tenutacasacima.com\/wp-content\/uploads\/2024\/08\/waste_garbage-6-1536x710.jpg 1536w, https:\/\/tenutacasacima.com\/wp-content\/uploads\/2024\/08\/waste_garbage-6.jpg 1920w\" sizes=\"auto, (max-width: 300px) 100vw, 300px\" \/><\/a>\n\t\t\t<\/div><\/figure><figure class='gallery-item'>\n\t\t\t<div class='gallery-icon landscape'>\n\t\t\t\t<a href='https:\/\/tenutacasacima.com\/wp-content\/uploads\/2024\/08\/waste_garbage-4.jpg'><img loading=\"lazy\" decoding=\"async\" width=\"300\" height=\"139\" src=\"https:\/\/tenutacasacima.com\/wp-content\/uploads\/2024\/08\/waste_garbage-4-300x139.jpg\" class=\"attachment-medium size-medium\" alt=\"\" srcset=\"https:\/\/tenutacasacima.com\/wp-content\/uploads\/2024\/08\/waste_garbage-4-300x139.jpg 300w, https:\/\/tenutacasacima.com\/wp-content\/uploads\/2024\/08\/waste_garbage-4-1024x473.jpg 1024w, https:\/\/tenutacasacima.com\/wp-content\/uploads\/2024\/08\/waste_garbage-4-768x355.jpg 768w, https:\/\/tenutacasacima.com\/wp-content\/uploads\/2024\/08\/waste_garbage-4-1536x710.jpg 1536w, https:\/\/tenutacasacima.com\/wp-content\/uploads\/2024\/08\/waste_garbage-4.jpg 1920w\" sizes=\"auto, (max-width: 300px) 100vw, 300px\" \/><\/a>\n\t\t\t<\/div><\/figure>\n\t\t<\/div>\n\n<p><strong><br>Gartenabf\u00e4lle<\/strong><br>\u201cBitte entsorgen Sie alle Gr\u00fcn- und Kochabf\u00e4lle \u00fcber den Hauskehricht, vielen Dank.\u201d<\/p>    <\/div>\n<\/div>\n<!-- \/module text --><!-- module text -->\n<div  class=\"module module-text tb_wg39005   \" data-lazy=\"1\">\n        <div  class=\"tb_text_wrap\">\n            <\/div>\n<\/div>\n<!-- \/module text --><!-- module text -->\n<div  class=\"module module-text tb_ydjf660   \" data-lazy=\"1\">\n        <div  class=\"tb_text_wrap\">\n            <\/div>\n<\/div>\n<!-- \/module text --><!-- module image -->\n<div  class=\"module module-image tb_sxe3602 image-top   tf_mw\" data-lazy=\"1\">\n        <div class=\"image-wrap tf_rel tf_mw\">\n            <img loading=\"lazy\" decoding=\"async\" width=\"1920\" height=\"1080\" src=\"https:\/\/tenutacasacima.com\/wp-content\/uploads\/2024\/04\/logo_tenuta_casa_cima_bw_guesthouse_xl.jpeg\" class=\"wp-post-image wp-image-3471\" title=\"logo_tenuta_casa_cima_bw_guesthouse_xl\" alt=\"logo_tenuta_casa_cima_bw_guesthouse_xl\" srcset=\"https:\/\/tenutacasacima.com\/wp-content\/uploads\/2024\/04\/logo_tenuta_casa_cima_bw_guesthouse_xl.jpeg 1920w, https:\/\/tenutacasacima.com\/wp-content\/uploads\/2024\/04\/logo_tenuta_casa_cima_bw_guesthouse_xl-300x169.jpeg 300w, https:\/\/tenutacasacima.com\/wp-content\/uploads\/2024\/04\/logo_tenuta_casa_cima_bw_guesthouse_xl-1024x576.jpeg 1024w, https:\/\/tenutacasacima.com\/wp-content\/uploads\/2024\/04\/logo_tenuta_casa_cima_bw_guesthouse_xl-768x432.jpeg 768w, https:\/\/tenutacasacima.com\/wp-content\/uploads\/2024\/04\/logo_tenuta_casa_cima_bw_guesthouse_xl-1536x864.jpeg 1536w\" sizes=\"auto, (max-width: 1920px) 100vw, 1920px\" \/>    \n        <\/div>\n    <!-- \/image-wrap -->\n    \n        <\/div>\n<!-- \/module image -->        <\/div>\n                        <\/div>\n        <\/div>\n        <\/div>\n<!--\/themify_builder_content-->","protected":false},"excerpt":{"rendered":"<p>Abfall EntsorgungVia alla ChiesaGudo<\/p>\n","protected":false},"author":1,"featured_media":0,"parent":0,"menu_order":0,"comment_status":"closed","ping_status":"closed","template":"","meta":{"content-type":"","_monsterinsights_skip_tracking":false,"_monsterinsights_sitenote_active":false,"_monsterinsights_sitenote_note":"","_monsterinsights_sitenote_category":0,"footnotes":""},"class_list":["post-4301","page","type-page","status-publish","hentry","has-post-title","has-post-date","has-post-category","has-post-tag","has-post-comment","has-post-author",""],"aioseo_notices":[],"builder_content":"<h2 style=\"text-align: center;\">Abfall Entsorgung<br>Via alla Chiesa<br>Gudo<\/h2>\n<h2>Abfall Management<\/h2> <p data-start=\"105\" data-end=\"259\">Wir stellen Ihnen zwei schwarze <strong>35-Liter-Abfalls\u00e4cke<\/strong> zur Verf\u00fcgung. Bitte deponieren Sie den vollen Abfallsack im Schuppen<strong> (siehe Foto mit Pfeil)<\/strong> unten.<\/p> <p data-start=\"261\" data-end=\"568\"><strong>F\u00fcr das Recycling<\/strong> stehen Ihnen im Haus separate Kikerland-Taschen f\u00fcr P<strong>apier und Karton,<\/strong> <strong>Glas und Aluminium<\/strong>, <strong>Plastik sowie PET-Flaschen<\/strong> zur Verf\u00fcgung. Sobald diese voll sind, bitten wir Sie, sie im gro\u00dfen Entsorgungszentrum <strong data-start=\"475\" data-end=\"501\">\"Via alla Chiesa Gudo\"<\/strong> zu entsorgen. Weitere Informationen und Bilder finden Sie unten.<\/p> <p data-start=\"570\" data-end=\"602\">Vielen Dank f\u00fcr Ihre Mithilfe!<\/p> <p data-start=\"105\" data-end=\"259\"><a href=\"https:\/\/tenutacasacima.com\/wp-content\/uploads\/2025\/03\/waste_garbage-7.jpg\"><img loading=\"lazy\" decoding=\"async\" src=\"https:\/\/tenutacasacima.com\/wp-content\/uploads\/2025\/03\/waste_garbage-7.jpg\" alt=\"\" width=\"2000\" height=\"924\" srcset=\"https:\/\/tenutacasacima.com\/wp-content\/uploads\/2025\/03\/waste_garbage-7.jpg 2000w, https:\/\/tenutacasacima.com\/wp-content\/uploads\/2025\/03\/waste_garbage-7-300x139.jpg 300w, https:\/\/tenutacasacima.com\/wp-content\/uploads\/2025\/03\/waste_garbage-7-1024x473.jpg 1024w, https:\/\/tenutacasacima.com\/wp-content\/uploads\/2025\/03\/waste_garbage-7-768x355.jpg 768w, https:\/\/tenutacasacima.com\/wp-content\/uploads\/2025\/03\/waste_garbage-7-1536x710.jpg 1536w\" sizes=\"auto, (max-width: 2000px) 100vw, 2000px\" \/><\/a><\/p> <h3>\u00a0<\/h3> <h3><strong>Via Alla Chiesa Gudo<\/strong><\/h3> <p><strong>Siehe GPS Daten unten:<\/strong><\/p> <p><strong>Glas, Aluminium, Blech\/Metall, Papier, Karton, PET -Flaschen aber auch der normale Hausm\u00fcll<\/strong> k\u00f6nnen Sie bei der grossen Entsorgungsstelle an der Via alla Chiesa in Gudo entsorgen, siehe Bilder unten. <a href=\"https:\/\/maps.app.goo.gl\/ranBr7RhXDCepaAJA\" target=\"_blank\" rel=\"noopener\">GPS von der Tenuta Casa Cima nur 3 Minuten<\/a> mit dem Auto. Vielen Dank.<\/p> <p>[gallery link=\"file\" size=\"medium\" ids=\"4304,4306,4308\"]<\/p> <p><strong><br>Gartenabf\u00e4lle<\/strong><br>\u201cBitte entsorgen Sie alle Gr\u00fcn- und Kochabf\u00e4lle \u00fcber den Hauskehricht, vielen Dank.\u201d<\/p>\n\n\n<img src=\"https:\/\/tenutacasacima.com\/wp-content\/uploads\/2024\/04\/logo_tenuta_casa_cima_bw_guesthouse_xl.jpeg\" title=\"logo_tenuta_casa_cima_bw_guesthouse_xl\" alt=\"logo_tenuta_casa_cima_bw_guesthouse_xl\" srcset=\"https:\/\/tenutacasacima.com\/wp-content\/uploads\/2024\/04\/logo_tenuta_casa_cima_bw_guesthouse_xl.jpeg 1920w, https:\/\/tenutacasacima.com\/wp-content\/uploads\/2024\/04\/logo_tenuta_casa_cima_bw_guesthouse_xl-300x169.jpeg 300w, https:\/\/tenutacasacima.com\/wp-content\/uploads\/2024\/04\/logo_tenuta_casa_cima_bw_guesthouse_xl-1024x576.jpeg 1024w, https:\/\/tenutacasacima.com\/wp-content\/uploads\/2024\/04\/logo_tenuta_casa_cima_bw_guesthouse_xl-768x432.jpeg 768w, https:\/\/tenutacasacima.com\/wp-content\/uploads\/2024\/04\/logo_tenuta_casa_cima_bw_guesthouse_xl-1536x864.jpeg 1536w\" sizes=\"(max-width: 1920px) 100vw, 1920px\" \/>","_links":{"self":[{"href":"https:\/\/tenutacasacima.com\/de\/wp-json\/wp\/v2\/pages\/4301","targetHints":{"allow":["GET"]}}],"collection":[{"href":"https:\/\/tenutacasacima.com\/de\/wp-json\/wp\/v2\/pages"}],"about":[{"href":"https:\/\/tenutacasacima.com\/de\/wp-json\/wp\/v2\/types\/page"}],"author":[{"embeddable":true,"href":"https:\/\/tenutacasacima.com\/de\/wp-json\/wp\/v2\/users\/1"}],"replies":[{"embeddable":true,"href":"https:\/\/tenutacasacima.com\/de\/wp-json\/wp\/v2\/comments?post=4301"}],"version-history":[{"count":7,"href":"https:\/\/tenutacasacima.com\/de\/wp-json\/wp\/v2\/pages\/4301\/revisions"}],"predecessor-version":[{"id":4605,"href":"https:\/\/tenutacasacima.com\/de\/wp-json\/wp\/v2\/pages\/4301\/revisions\/4605"}],"wp:attachment":[{"href":"https:\/\/tenutacasacima.com\/de\/wp-json\/wp\/v2\/media?parent=4301"}],"curies":[{"name":"wp","href":"https:\/\/api.w.org\/{rel}","templated":true}]}}